{"id":357,"date":"2025-11-26T14:47:59","date_gmt":"2025-11-26T14:47:59","guid":{"rendered":"https:\/\/sindicatoscm.cl\/wp\/?page_id=357"},"modified":"2025-11-26T14:51:05","modified_gmt":"2025-11-26T14:51:05","slug":"fapl","status":"publish","type":"page","link":"https:\/\/sindicatoscm.cl\/wp\/fapl\/","title":{"rendered":"fapl"},"content":{"rendered":"\t\t<div data-elementor-type=\"wp-page\" data-elementor-id=\"357\" class=\"elementor elementor-357\" data-elementor-post-type=\"page\">\n\t\t\t\t<div class=\"elementor-element elementor-element-37ee82c1 e-flex e-con-boxed e-con e-parent\" data-id=\"37ee82c1\" data-element_type=\"container\">\n\t\t\t\t\t<div class=\"e-con-inner\">\n\t\t<div class=\"elementor-element elementor-element-4fce9735 e-con-full e-flex e-con e-child\" data-id=\"4fce9735\" data-element_type=\"container\">\n\t\t\t\t<div class=\"elementor-element elementor-element-22277619 elementor-widget__width-initial elementor-widget elementor-widget-image\" data-id=\"22277619\" data-element_type=\"widget\" data-widget_type=\"image.default\">\n\t\t\t\t\t\t\t\t\t\t\t\t\t\t\t\t<a href=\"http:\/\/sindicatoscm.cl\/wp\/\">\n\t\t\t\t\t\t\t<img fetchpriority=\"high\" decoding=\"async\" width=\"2048\" height=\"569\" src=\"https:\/\/sindicatoscm.cl\/wp\/wp-content\/uploads\/2025\/10\/Sindicato_Isologo_SinFondo_02-2048x569.png\" class=\"attachment-2048x2048 size-2048x2048 wp-image-29\" alt=\"\" srcset=\"https:\/\/sindicatoscm.cl\/wp\/wp-content\/uploads\/2025\/10\/Sindicato_Isologo_SinFondo_02-2048x569.png 2048w, https:\/\/sindicatoscm.cl\/wp\/wp-content\/uploads\/2025\/10\/Sindicato_Isologo_SinFondo_02-300x83.png 300w, https:\/\/sindicatoscm.cl\/wp\/wp-content\/uploads\/2025\/10\/Sindicato_Isologo_SinFondo_02-1024x284.png 1024w, https:\/\/sindicatoscm.cl\/wp\/wp-content\/uploads\/2025\/10\/Sindicato_Isologo_SinFondo_02-768x213.png 768w, https:\/\/sindicatoscm.cl\/wp\/wp-content\/uploads\/2025\/10\/Sindicato_Isologo_SinFondo_02-1536x426.png 1536w\" sizes=\"(max-width: 2048px) 100vw, 2048px\" \/>\t\t\t\t\t\t\t\t<\/a>\n\t\t\t\t\t\t\t\t\t\t\t\t\t\t\t<\/div>\n\t\t\t\t<\/div>\n\t\t<div class=\"elementor-element elementor-element-790fcb13 e-con-full e-flex e-con e-child\" data-id=\"790fcb13\" data-element_type=\"container\">\n\t\t<div class=\"elementor-element elementor-element-7b58520a e-con-full e-flex e-con e-child\" data-id=\"7b58520a\" data-element_type=\"container\">\n\t\t\t\t<div class=\"elementor-element elementor-element-53a9a6ea e-full_width e-n-menu-layout-horizontal e-n-menu-tablet elementor-widget elementor-widget-n-menu\" data-id=\"53a9a6ea\" data-element_type=\"widget\" data-settings=\"{&quot;menu_items&quot;:[{&quot;item_title&quot;:&quot;Nosotros&quot;,&quot;_id&quot;:&quot;0af0aa7&quot;,&quot;item_link&quot;:{&quot;url&quot;:&quot;http:\\\/\\\/sindicatoscm.cl\\\/wp\\\/elementor-page-101\\\/&quot;,&quot;is_external&quot;:&quot;&quot;,&quot;nofollow&quot;:&quot;&quot;,&quot;custom_attributes&quot;:&quot;&quot;},&quot;item_dropdown_content&quot;:&quot;no&quot;,&quot;item_icon&quot;:{&quot;value&quot;:&quot;&quot;,&quot;library&quot;:&quot;&quot;},&quot;item_icon_active&quot;:null,&quot;element_id&quot;:&quot;&quot;},{&quot;item_title&quot;:&quot;Convenios&quot;,&quot;_id&quot;:&quot;dd06f01&quot;,&quot;item_link&quot;:{&quot;url&quot;:&quot;http:\\\/\\\/sindicatoscm.cl\\\/wp\\\/convenios\\\/&quot;,&quot;is_external&quot;:&quot;&quot;,&quot;nofollow&quot;:&quot;&quot;,&quot;custom_attributes&quot;:&quot;&quot;},&quot;item_dropdown_content&quot;:&quot;no&quot;,&quot;item_icon&quot;:{&quot;value&quot;:&quot;&quot;,&quot;library&quot;:&quot;&quot;},&quot;item_icon_active&quot;:null,&quot;element_id&quot;:&quot;&quot;},{&quot;item_title&quot;:&quot;Avisos&quot;,&quot;_id&quot;:&quot;2499bde&quot;,&quot;item_link&quot;:{&quot;url&quot;:&quot;http:\\\/\\\/sindicatoscm.cl\\\/wp\\\/avisos\\\/&quot;,&quot;is_external&quot;:&quot;&quot;,&quot;nofollow&quot;:&quot;&quot;,&quot;custom_attributes&quot;:&quot;&quot;},&quot;item_dropdown_content&quot;:&quot;no&quot;,&quot;item_icon&quot;:{&quot;value&quot;:&quot;&quot;,&quot;library&quot;:&quot;&quot;},&quot;item_icon_active&quot;:null,&quot;element_id&quot;:&quot;&quot;},{&quot;_id&quot;:&quot;2a21b19&quot;,&quot;item_title&quot;:&quot;Documentos&quot;,&quot;item_link&quot;:{&quot;url&quot;:&quot;http:\\\/\\\/sindicatoscm.cl\\\/wp\\\/documentos\\\/&quot;,&quot;is_external&quot;:&quot;&quot;,&quot;nofollow&quot;:&quot;&quot;,&quot;custom_attributes&quot;:&quot;&quot;},&quot;item_dropdown_content&quot;:&quot;no&quot;,&quot;item_icon&quot;:{&quot;value&quot;:&quot;&quot;,&quot;library&quot;:&quot;&quot;},&quot;item_icon_active&quot;:null,&quot;element_id&quot;:&quot;&quot;},{&quot;_id&quot;:&quot;92087ed&quot;,&quot;item_title&quot;:&quot;Contacto&quot;,&quot;item_link&quot;:{&quot;url&quot;:&quot;http:\\\/\\\/sindicatoscm.cl\\\/wp\\\/contacto\\\/&quot;,&quot;is_external&quot;:&quot;&quot;,&quot;nofollow&quot;:&quot;&quot;,&quot;custom_attributes&quot;:&quot;&quot;},&quot;item_dropdown_content&quot;:&quot;no&quot;,&quot;item_icon&quot;:{&quot;value&quot;:&quot;&quot;,&quot;library&quot;:&quot;&quot;},&quot;item_icon_active&quot;:null,&quot;element_id&quot;:&quot;&quot;}],&quot;content_width&quot;:&quot;full_width&quot;,&quot;item_layout&quot;:&quot;horizontal&quot;,&quot;open_on&quot;:&quot;hover&quot;,&quot;horizontal_scroll&quot;:&quot;disable&quot;,&quot;breakpoint_selector&quot;:&quot;tablet&quot;,&quot;menu_item_title_distance_from_content&quot;:{&quot;unit&quot;:&quot;px&quot;,&quot;size&quot;:0,&quot;sizes&quot;:[]},&quot;menu_item_title_distance_from_content_tablet&quot;:{&quot;unit&quot;:&quot;px&quot;,&quot;size&quot;:&quot;&quot;,&quot;sizes&quot;:[]},&quot;menu_item_title_distance_from_content_mobile&quot;:{&quot;unit&quot;:&quot;px&quot;,&quot;size&quot;:&quot;&quot;,&quot;sizes&quot;:[]}}\" data-widget_type=\"mega-menu.default\">\n\t\t\t\t\t\t\t<nav class=\"e-n-menu\" data-widget-number=\"140\" aria-label=\"Menu\">\n\t\t\t\t\t<button class=\"e-n-menu-toggle\" id=\"menu-toggle-140\" aria-haspopup=\"true\" aria-expanded=\"false\" aria-controls=\"menubar-140\" aria-label=\"Menu Toggle\">\n\t\t\t<span class=\"e-n-menu-toggle-icon e-open\">\n\t\t\t\t<svg class=\"e-font-icon-svg e-eicon-menu-bar\" viewBox=\"0 0 1000 1000\" xmlns=\"http:\/\/www.w3.org\/2000\/svg\"><path d=\"M104 333H896C929 333 958 304 958 271S929 208 896 208H104C71 208 42 237 42 271S71 333 104 333ZM104 583H896C929 583 958 554 958 521S929 458 896 458H104C71 458 42 487 42 521S71 583 104 583ZM104 833H896C929 833 958 804 958 771S929 708 896 708H104C71 708 42 737 42 771S71 833 104 833Z\"><\/path><\/svg>\t\t\t<\/span>\n\t\t\t<span class=\"e-n-menu-toggle-icon e-close\">\n\t\t\t\t<svg class=\"e-font-icon-svg e-eicon-close\" viewBox=\"0 0 1000 1000\" xmlns=\"http:\/\/www.w3.org\/2000\/svg\"><path d=\"M742 167L500 408 258 167C246 154 233 150 217 150 196 150 179 158 167 167 154 179 150 196 150 212 150 229 154 242 171 254L408 500 167 742C138 771 138 800 167 829 196 858 225 858 254 829L496 587 738 829C750 842 767 846 783 846 800 846 817 842 829 829 842 817 846 804 846 783 846 767 842 750 829 737L588 500 833 258C863 229 863 200 833 171 804 137 775 137 742 167Z\"><\/path><\/svg>\t\t\t<\/span>\n\t\t<\/button>\n\t\t\t\t\t<div class=\"e-n-menu-wrapper\" id=\"menubar-140\" aria-labelledby=\"menu-toggle-140\">\n\t\t\t\t<ul class=\"e-n-menu-heading\">\n\t\t\t\t\t\t\t\t<li class=\"e-n-menu-item\">\n\t\t\t\t<div id=\"e-n-menu-title-1401\" class=\"e-n-menu-title\">\n\t\t\t\t\t<a class=\"e-n-menu-title-container e-focus e-link\" href=\"http:\/\/sindicatoscm.cl\/wp\/elementor-page-101\/\">\t\t\t\t\t\t\t\t\t\t\t\t<span class=\"e-n-menu-title-text\">\n\t\t\t\t\t\t\tNosotros\t\t\t\t\t\t<\/span>\n\t\t\t\t\t<\/a>\t\t\t\t\t\t\t\t\t<\/div>\n\t\t\t\t\t\t\t<\/li>\n\t\t\t\t\t<li class=\"e-n-menu-item\">\n\t\t\t\t<div id=\"e-n-menu-title-1402\" class=\"e-n-menu-title\">\n\t\t\t\t\t<a class=\"e-n-menu-title-container e-focus e-link\" href=\"http:\/\/sindicatoscm.cl\/wp\/convenios\/\">\t\t\t\t\t\t\t\t\t\t\t\t<span class=\"e-n-menu-title-text\">\n\t\t\t\t\t\t\tConvenios\t\t\t\t\t\t<\/span>\n\t\t\t\t\t<\/a>\t\t\t\t\t\t\t\t\t<\/div>\n\t\t\t\t\t\t\t<\/li>\n\t\t\t\t\t<li class=\"e-n-menu-item\">\n\t\t\t\t<div id=\"e-n-menu-title-1403\" class=\"e-n-menu-title\">\n\t\t\t\t\t<a class=\"e-n-menu-title-container e-focus e-link\" href=\"http:\/\/sindicatoscm.cl\/wp\/avisos\/\">\t\t\t\t\t\t\t\t\t\t\t\t<span class=\"e-n-menu-title-text\">\n\t\t\t\t\t\t\tAvisos\t\t\t\t\t\t<\/span>\n\t\t\t\t\t<\/a>\t\t\t\t\t\t\t\t\t<\/div>\n\t\t\t\t\t\t\t<\/li>\n\t\t\t\t\t<li class=\"e-n-menu-item\">\n\t\t\t\t<div id=\"e-n-menu-title-1404\" class=\"e-n-menu-title\">\n\t\t\t\t\t<a class=\"e-n-menu-title-container e-focus e-link\" href=\"http:\/\/sindicatoscm.cl\/wp\/documentos\/\">\t\t\t\t\t\t\t\t\t\t\t\t<span class=\"e-n-menu-title-text\">\n\t\t\t\t\t\t\tDocumentos\t\t\t\t\t\t<\/span>\n\t\t\t\t\t<\/a>\t\t\t\t\t\t\t\t\t<\/div>\n\t\t\t\t\t\t\t<\/li>\n\t\t\t\t\t<li class=\"e-n-menu-item\">\n\t\t\t\t<div id=\"e-n-menu-title-1405\" class=\"e-n-menu-title\">\n\t\t\t\t\t<a class=\"e-n-menu-title-container e-focus e-link\" href=\"http:\/\/sindicatoscm.cl\/wp\/contacto\/\">\t\t\t\t\t\t\t\t\t\t\t\t<span class=\"e-n-menu-title-text\">\n\t\t\t\t\t\t\tContacto\t\t\t\t\t\t<\/span>\n\t\t\t\t\t<\/a>\t\t\t\t\t\t\t\t\t<\/div>\n\t\t\t\t\t\t\t<\/li>\n\t\t\t\t\t\t<\/ul>\n\t\t\t<\/div>\n\t\t<\/nav>\n\t\t\t\t\t\t<\/div>\n\t\t\t\t<\/div>\n\t\t\t\t<\/div>\n\t\t<div class=\"elementor-element elementor-element-7d72aed7 e-con-full e-flex e-con e-child\" data-id=\"7d72aed7\" data-element_type=\"container\">\n\t\t\t\t<div class=\"elementor-element elementor-element-1ba9b3b0 elementor-widget elementor-widget-image\" data-id=\"1ba9b3b0\" data-element_type=\"widget\" data-widget_type=\"image.default\">\n\t\t\t\t\t\t\t\t\t\t\t\t\t\t\t<img decoding=\"async\" width=\"723\" height=\"230\" src=\"https:\/\/sindicatoscm.cl\/wp\/wp-content\/uploads\/2025\/10\/acceso-socios.png\" class=\"attachment-2048x2048 size-2048x2048 wp-image-60\" alt=\"\" srcset=\"https:\/\/sindicatoscm.cl\/wp\/wp-content\/uploads\/2025\/10\/acceso-socios.png 723w, https:\/\/sindicatoscm.cl\/wp\/wp-content\/uploads\/2025\/10\/acceso-socios-300x95.png 300w\" sizes=\"(max-width: 723px) 100vw, 723px\" \/>\t\t\t\t\t\t\t\t\t\t\t\t\t\t\t<\/div>\n\t\t\t\t<\/div>\n\t\t\t\t\t<\/div>\n\t\t\t\t<\/div>\n\t\t<div class=\"elementor-element elementor-element-95f6996 e-flex e-con-boxed e-con e-parent\" data-id=\"95f6996\" data-element_type=\"container\">\n\t\t\t\t\t<div class=\"e-con-inner\">\n\t\t\t\t<div class=\"elementor-element elementor-element-41a816d elementor-widget elementor-widget-text-editor\" data-id=\"41a816d\" data-element_type=\"widget\" data-widget_type=\"text-editor.default\">\n\t\t\t\t\t\t\t\t\t<div class=\"et_pb_blurb et_pb_module et_pb_bg_layout_light et_pb_text_align_center et_pb_blurb_0 et_pb_blurb_position_top\">\n<div class=\"et_pb_blurb_content\">\n<div class=\"et_pb_blurb_container\">\n<h2 class=\"et_pb_module_header\">Convenio Instituto Oncol\u00f3gico Fundaci\u00f3n Arturo L\u00f3pez P\u00e9rez<\/h2>\n<div class=\"et_pb_blurb_description\">&nbsp;<\/div>\n<\/div>\n<\/div>\n<\/div>\n<div class=\"et_pb_text et_pb_module et_pb_bg_layout_light et_pb_text_align_center et_pb_text_0\">\n<div class=\"et_pb_text_inner\">\n<div class=\"m_5969921634476592811WordSection1\">\n<h4>Centro integral de diagn\u00f3stico, tratamiento, investigaci\u00f3n y docencia en c\u00e1ncer. Buscamos la excelencia y calidad a trav\u00e9s del mejoramiento continuo de protocolos seguros y efectivos, en un ambiente de respeto, calidez y profesionalismo para nuestros pacientes, sus familias y la comunidad.<\/h4>\n<h4>Somos una instituci\u00f3n sin fines de lucro, comprometida con la generaci\u00f3n de valor social, creemos en las capacidades de nuestros colaboradores, respetamos su individualidad y estimulamos su formaci\u00f3n personal y profesional.<\/h4>\n<h4>FALP en su lucha contra el c\u00e1ncer, acuerda con SINDICATO DE TRABAJADORES SUPERVISORES ROL A DE CODELCO CHILE CASA MATRIZ, ofrecer a sus funcionarios sindicalizados y a los familiares de \u00e9stos, la posibilidad de suscribir un Convenio de Protecci\u00f3n Oncol\u00f3gica<\/h4>\n<\/div>\n<\/div>\n<\/div>\n<div class=\"et_pb_module et_pb_image et_pb_image_0 et_always_center_on_mobile\"><span class=\"et_pb_image_wrap\"><img decoding=\"async\" class=\"aligncenter\" src=\"https:\/\/sindicatoscmcodelco.cl\/wp-content\/uploads\/2021\/05\/convenio_FALP.jpg\" alt=\"\" width=\"549\" height=\"639\"><\/span><\/div>\n<div class=\"et_pb_text et_pb_module et_pb_bg_layout_light et_pb_text_align_center et_pb_text_1\">\n<div class=\"et_pb_text_inner\">\n<div class=\"m_5969921634476592811WordSection1\">\n<p>Con el fin de proteger a nuestros supervisores\/as y profesionales de &nbsp;<strong>SINDICATO DE TRABAJADORES SUPERVISORES ROL A<\/strong> <strong>EMPRESA<\/strong>&nbsp;<strong>CODELCO&nbsp; CHILE <\/strong>y su grupo Familiar directo, queremos recordarles que est\u00e1 aperturado y vigente un Convenio Oncol\u00f3gico con Fundaci\u00f3n Arturo L\u00f3pez P\u00e9rez, si quieres recibir mayor informaci\u00f3n del&nbsp;beneficios, coberturas y valores, te puedes comunicar con&nbsp;la Coordinadora del Convenio Blanca Toro Rojas,<br>celular&nbsp;&nbsp;<strong>+569 71389361&nbsp;&nbsp;<\/strong>(<strong>&nbsp;<\/strong>correo electr\u00f3nico :&nbsp;&nbsp;<a href=\"mailto:blanca.toro@falp.org\">blanca.toro@falp.org<\/a>&nbsp;),&nbsp;quien podr\u00e1 resolver todas tus dudas y podr\u00e1s coordinar la incorporaci\u00f3n con ella si est\u00e1s interesado. Importante destacar, si tienen hijos mayores de 25 a\u00f1os los pueden proteger pagando un valor adicional.<\/p>\n<p><strong>La Fundaci\u00f3n Arturo L\u00f3pez P\u00e9rez es una Instituci\u00f3n sin fines de lucro con m\u00e1s de 65 a\u00f1os otorgando protecci\u00f3n oncol\u00f3gica a los chilenos, ofreciendo una soluci\u00f3n real frente al alto costo que implica esta enfermedad y entregando la tranquilidad necesaria para acceder al mejor tratamiento. Es la \u00fanica Cl\u00ednica especializada en el tratamiento integral del c\u00e1ncer de nuestro pa\u00eds y recientemente Certificada con la Excelencia en Calidad por la Superintendencia de Salud.&nbsp;<\/strong><\/p>\n<\/div>\n<\/div>\n<\/div>\t\t\t\t\t\t\t\t<\/div>\n\t\t\t\t\t<\/div>\n\t\t\t\t<\/div>\n\t\t<div class=\"elementor-element elementor-element-65aa1323 e-flex e-con-boxed e-con e-parent\" data-id=\"65aa1323\" data-element_type=\"container\" data-settings=\"{&quot;background_background&quot;:&quot;slideshow&quot;,&quot;background_slideshow_gallery&quot;:[{&quot;id&quot;:110,&quot;url&quot;:&quot;http:\\\/\\\/sindicatoscm.cl\\\/wp\\\/wp-content\\\/uploads\\\/2025\\\/11\\\/imagen-casa-matriz.png&quot;}],&quot;background_slideshow_loop&quot;:&quot;yes&quot;,&quot;background_slideshow_slide_duration&quot;:5000,&quot;background_slideshow_slide_transition&quot;:&quot;fade&quot;,&quot;background_slideshow_transition_duration&quot;:500}\">\n\t\t\t\t\t<div class=\"e-con-inner\">\n\t\t<div class=\"elementor-element elementor-element-724d6c42 e-con-full e-flex e-con e-child\" data-id=\"724d6c42\" data-element_type=\"container\">\n\t\t\t\t<div class=\"elementor-element elementor-element-4a269042 elementor-widget__width-initial elementor-widget elementor-widget-image\" data-id=\"4a269042\" data-element_type=\"widget\" data-widget_type=\"image.default\">\n\t\t\t\t\t\t\t\t\t\t\t\t\t\t\t<img fetchpriority=\"high\" decoding=\"async\" width=\"2048\" height=\"569\" src=\"https:\/\/sindicatoscm.cl\/wp\/wp-content\/uploads\/2025\/10\/Sindicato_Isologo_SinFondo_02-2048x569.png\" class=\"attachment-2048x2048 size-2048x2048 wp-image-29\" alt=\"\" srcset=\"https:\/\/sindicatoscm.cl\/wp\/wp-content\/uploads\/2025\/10\/Sindicato_Isologo_SinFondo_02-2048x569.png 2048w, https:\/\/sindicatoscm.cl\/wp\/wp-content\/uploads\/2025\/10\/Sindicato_Isologo_SinFondo_02-300x83.png 300w, https:\/\/sindicatoscm.cl\/wp\/wp-content\/uploads\/2025\/10\/Sindicato_Isologo_SinFondo_02-1024x284.png 1024w, https:\/\/sindicatoscm.cl\/wp\/wp-content\/uploads\/2025\/10\/Sindicato_Isologo_SinFondo_02-768x213.png 768w, https:\/\/sindicatoscm.cl\/wp\/wp-content\/uploads\/2025\/10\/Sindicato_Isologo_SinFondo_02-1536x426.png 1536w\" sizes=\"(max-width: 2048px) 100vw, 2048px\" \/>\t\t\t\t\t\t\t\t\t\t\t\t\t\t\t<\/div>\n\t\t\t\t<div class=\"elementor-element elementor-element-1885c6a5 elementor-widget elementor-widget-text-editor\" data-id=\"1885c6a5\" data-element_type=\"widget\" data-widget_type=\"text-editor.default\">\n\t\t\t\t\t\t\t\t\t<p>El Sindicato se cre\u00f3 el 11 de julio de 1990 por un grupo de profesionales Supervisores Rol A de Casa Matriz, logrando la adhesi\u00f3n de 129 trabajadores. La Empresa apoy\u00f3 la iniciativa y reconoci\u00f3 su personalidad jur\u00eddica como parte de los sindicatos de la Minera.<\/p>\t\t\t\t\t\t\t\t<\/div>\n\t\t\t\t<\/div>\n\t\t<div class=\"elementor-element elementor-element-75733b4d e-con-full e-flex e-con e-child\" data-id=\"75733b4d\" data-element_type=\"container\">\n\t\t\t\t<\/div>\n\t\t<div class=\"elementor-element elementor-element-2b3bbbff e-con-full e-flex e-con e-child\" data-id=\"2b3bbbff\" data-element_type=\"container\">\n\t\t\t\t<div class=\"elementor-element elementor-element-1a81333e elementor-widget elementor-widget-heading\" data-id=\"1a81333e\" data-element_type=\"widget\" data-widget_type=\"heading.default\">\n\t\t\t\t\t<h4 class=\"elementor-heading-title elementor-size-default\">links<\/h4>\t\t\t\t<\/div>\n\t\t\t\t<\/div>\n\t\t<div class=\"elementor-element elementor-element-2f69bc9c e-con-full e-flex e-con e-child\" data-id=\"2f69bc9c\" data-element_type=\"container\">\n\t\t\t\t<div class=\"elementor-element elementor-element-4f2830d3 elementor-widget__width-initial elementor-widget elementor-widget-heading\" data-id=\"4f2830d3\" data-element_type=\"widget\" data-widget_type=\"heading.default\">\n\t\t\t\t\t<h4 class=\"elementor-heading-title elementor-size-default\">Informaci\u00f3n de Contacto<\/h4>\t\t\t\t<\/div>\n\t\t\t\t<div class=\"elementor-element elementor-element-28d690a3 e-grid-align-right e-grid-align-mobile-center elementor-shape-rounded elementor-grid-0 elementor-widget elementor-widget-social-icons\" data-id=\"28d690a3\" data-element_type=\"widget\" data-widget_type=\"social-icons.default\">\n\t\t\t\t\t\t\t<div class=\"elementor-social-icons-wrapper elementor-grid\" role=\"list\">\n\t\t\t\t\t\t\t<span class=\"elementor-grid-item\" role=\"listitem\">\n\t\t\t\t\t<a class=\"elementor-icon elementor-social-icon elementor-social-icon-facebook-f elementor-animation-push elementor-repeater-item-2ffba9f\" target=\"_blank\">\n\t\t\t\t\t\t<span class=\"elementor-screen-only\">Facebook-f<\/span>\n\t\t\t\t\t\t<svg aria-hidden=\"true\" class=\"e-font-icon-svg e-fab-facebook-f\" viewBox=\"0 0 320 512\" xmlns=\"http:\/\/www.w3.org\/2000\/svg\"><path d=\"M279.14 288l14.22-92.66h-88.91v-60.13c0-25.35 12.42-50.06 52.24-50.06h40.42V6.26S260.43 0 225.36 0c-73.22 0-121.08 44.38-121.08 124.72v70.62H22.89V288h81.39v224h100.17V288z\"><\/path><\/svg>\t\t\t\t\t<\/a>\n\t\t\t\t<\/span>\n\t\t\t\t\t\t\t<span class=\"elementor-grid-item\" role=\"listitem\">\n\t\t\t\t\t<a class=\"elementor-icon elementor-social-icon elementor-social-icon-twitter elementor-animation-push elementor-repeater-item-e40c902\" target=\"_blank\">\n\t\t\t\t\t\t<span class=\"elementor-screen-only\">Twitter<\/span>\n\t\t\t\t\t\t<svg aria-hidden=\"true\" class=\"e-font-icon-svg e-fab-twitter\" viewBox=\"0 0 512 512\" xmlns=\"http:\/\/www.w3.org\/2000\/svg\"><path d=\"M459.37 151.716c.325 4.548.325 9.097.325 13.645 0 138.72-105.583 298.558-298.558 298.558-59.452 0-114.68-17.219-161.137-47.106 8.447.974 16.568 1.299 25.34 1.299 49.055 0 94.213-16.568 130.274-44.832-46.132-.975-84.792-31.188-98.112-72.772 6.498.974 12.995 1.624 19.818 1.624 9.421 0 18.843-1.3 27.614-3.573-48.081-9.747-84.143-51.98-84.143-102.985v-1.299c13.969 7.797 30.214 12.67 47.431 13.319-28.264-18.843-46.781-51.005-46.781-87.391 0-19.492 5.197-37.36 14.294-52.954 51.655 63.675 129.3 105.258 216.365 109.807-1.624-7.797-2.599-15.918-2.599-24.04 0-57.828 46.782-104.934 104.934-104.934 30.213 0 57.502 12.67 76.67 33.137 23.715-4.548 46.456-13.32 66.599-25.34-7.798 24.366-24.366 44.833-46.132 57.827 21.117-2.273 41.584-8.122 60.426-16.243-14.292 20.791-32.161 39.308-52.628 54.253z\"><\/path><\/svg>\t\t\t\t\t<\/a>\n\t\t\t\t<\/span>\n\t\t\t\t\t\t\t<span class=\"elementor-grid-item\" role=\"listitem\">\n\t\t\t\t\t<a class=\"elementor-icon elementor-social-icon elementor-social-icon-linkedin-in elementor-animation-push elementor-repeater-item-ba71140\" target=\"_blank\">\n\t\t\t\t\t\t<span class=\"elementor-screen-only\">Linkedin-in<\/span>\n\t\t\t\t\t\t<svg aria-hidden=\"true\" class=\"e-font-icon-svg e-fab-linkedin-in\" viewBox=\"0 0 448 512\" xmlns=\"http:\/\/www.w3.org\/2000\/svg\"><path d=\"M100.28 448H7.4V148.9h92.88zM53.79 108.1C24.09 108.1 0 83.5 0 53.8a53.79 53.79 0 0 1 107.58 0c0 29.7-24.1 54.3-53.79 54.3zM447.9 448h-92.68V302.4c0-34.7-.7-79.2-48.29-79.2-48.29 0-55.69 37.7-55.69 76.7V448h-92.78V148.9h89.08v40.8h1.3c12.4-23.5 42.69-48.3 87.88-48.3 94 0 111.28 61.9 111.28 142.3V448z\"><\/path><\/svg>\t\t\t\t\t<\/a>\n\t\t\t\t<\/span>\n\t\t\t\t\t\t\t<span class=\"elementor-grid-item\" role=\"listitem\">\n\t\t\t\t\t<a class=\"elementor-icon elementor-social-icon elementor-social-icon-instagram elementor-animation-push elementor-repeater-item-ee5d380\" target=\"_blank\">\n\t\t\t\t\t\t<span class=\"elementor-screen-only\">Instagram<\/span>\n\t\t\t\t\t\t<svg aria-hidden=\"true\" class=\"e-font-icon-svg e-fab-instagram\" viewBox=\"0 0 448 512\" xmlns=\"http:\/\/www.w3.org\/2000\/svg\"><path d=\"M224.1 141c-63.6 0-114.9 51.3-114.9 114.9s51.3 114.9 114.9 114.9S339 319.5 339 255.9 287.7 141 224.1 141zm0 189.6c-41.1 0-74.7-33.5-74.7-74.7s33.5-74.7 74.7-74.7 74.7 33.5 74.7 74.7-33.6 74.7-74.7 74.7zm146.4-194.3c0 14.9-12 26.8-26.8 26.8-14.9 0-26.8-12-26.8-26.8s12-26.8 26.8-26.8 26.8 12 26.8 26.8zm76.1 27.2c-1.7-35.9-9.9-67.7-36.2-93.9-26.2-26.2-58-34.4-93.9-36.2-37-2.1-147.9-2.1-184.9 0-35.8 1.7-67.6 9.9-93.9 36.1s-34.4 58-36.2 93.9c-2.1 37-2.1 147.9 0 184.9 1.7 35.9 9.9 67.7 36.2 93.9s58 34.4 93.9 36.2c37 2.1 147.9 2.1 184.9 0 35.9-1.7 67.7-9.9 93.9-36.2 26.2-26.2 34.4-58 36.2-93.9 2.1-37 2.1-147.8 0-184.8zM398.8 388c-7.8 19.6-22.9 34.7-42.6 42.6-29.5 11.7-99.5 9-132.1 9s-102.7 2.6-132.1-9c-19.6-7.8-34.7-22.9-42.6-42.6-11.7-29.5-9-99.5-9-132.1s-2.6-102.7 9-132.1c7.8-19.6 22.9-34.7 42.6-42.6 29.5-11.7 99.5-9 132.1-9s102.7-2.6 132.1 9c19.6 7.8 34.7 22.9 42.6 42.6 11.7 29.5 9 99.5 9 132.1s2.7 102.7-9 132.1z\"><\/path><\/svg>\t\t\t\t\t<\/a>\n\t\t\t\t<\/span>\n\t\t\t\t\t<\/div>\n\t\t\t\t\t\t<\/div>\n\t\t\t\t<div class=\"elementor-element elementor-element-6048bb65 elementor-icon-list--layout-traditional elementor-list-item-link-full_width elementor-widget elementor-widget-icon-list\" data-id=\"6048bb65\" data-element_type=\"widget\" data-widget_type=\"icon-list.default\">\n\t\t\t\t\t\t\t<ul class=\"elementor-icon-list-items\">\n\t\t\t\t\t\t\t<li class=\"elementor-icon-list-item\">\n\t\t\t\t\t\t\t\t\t\t<span class=\"elementor-icon-list-text\"><h4 style=\"margin-bottom: 0px;padding: 0px 0px 10px;border: 0px;background: 0px 0px rgb;font-size: 18px;vertical-align: baseline;font-weight: 500;line-height: 1em;, Arial, sans-serif;letter-spacing: normal;white-space: normal;text-align: center\"><br><\/h4>Agustinas 1185, piso 4, oficina Nro.46.<\/span>\n\t\t\t\t\t\t\t\t\t<\/li>\n\t\t\t\t\t\t\t\t<li class=\"elementor-icon-list-item\">\n\t\t\t\t\t\t\t\t\t\t<span class=\"elementor-icon-list-text\">Tel\u00e9fonos: 226903965 \u2013 226964766<\/span>\n\t\t\t\t\t\t\t\t\t<\/li>\n\t\t\t\t\t\t\t\t<li class=\"elementor-icon-list-item\">\n\t\t\t\t\t\t\t\t\t\t<span class=\"elementor-icon-list-text\">Lunes a Jueves de 8:30 a 18:30 y Viernes de 8:30 a 14:00 hrs.<\/span>\n\t\t\t\t\t\t\t\t\t<\/li>\n\t\t\t\t\t\t<\/ul>\n\t\t\t\t\t\t<\/div>\n\t\t\t\t<\/div>\n\t\t\t\t\t<\/div>\n\t\t\t\t<\/div>\n\t\t\t\t<\/div>\n\t\t","protected":false},"excerpt":{"rendered":"<p>Nosotros Convenios Avisos Documentos Contacto Convenio Instituto Oncol\u00f3gico Fundaci\u00f3n Arturo L\u00f3pez P\u00e9rez &nbsp; Centro integral de diagn\u00f3stico, tratamiento, investigaci\u00f3n y docencia en c\u00e1ncer. Buscamos la excelencia y calidad a trav\u00e9s del mejoramiento continuo de protocolos seguros y efectivos, en un ambiente de respeto, calidez y profesionalismo para nuestros pacientes, sus familias y la comunidad. Somos [&hellip;]<\/p>\n","protected":false},"author":1,"featured_media":0,"parent":0,"menu_order":0,"comment_status":"closed","ping_status":"closed","template":"elementor_header_footer","meta":{"pagelayer_contact_templates":[],"_pagelayer_content":"","footnotes":""},"class_list":["post-357","page","type-page","status-publish","hentry"],"_links":{"self":[{"href":"https:\/\/sindicatoscm.cl\/wp\/wp-json\/wp\/v2\/pages\/357","targetHints":{"allow":["GET"]}}],"collection":[{"href":"https:\/\/sindicatoscm.cl\/wp\/wp-json\/wp\/v2\/pages"}],"about":[{"href":"https:\/\/sindicatoscm.cl\/wp\/wp-json\/wp\/v2\/types\/page"}],"author":[{"embeddable":true,"href":"https:\/\/sindicatoscm.cl\/wp\/wp-json\/wp\/v2\/users\/1"}],"replies":[{"embeddable":true,"href":"https:\/\/sindicatoscm.cl\/wp\/wp-json\/wp\/v2\/comments?post=357"}],"version-history":[{"count":4,"href":"https:\/\/sindicatoscm.cl\/wp\/wp-json\/wp\/v2\/pages\/357\/revisions"}],"predecessor-version":[{"id":364,"href":"https:\/\/sindicatoscm.cl\/wp\/wp-json\/wp\/v2\/pages\/357\/revisions\/364"}],"wp:attachment":[{"href":"https:\/\/sindicatoscm.cl\/wp\/wp-json\/wp\/v2\/media?parent=357"}],"curies":[{"name":"wp","href":"https:\/\/api.w.org\/{rel}","templated":true}]}}